{"id":101,"date":"2024-07-30T12:59:19","date_gmt":"2024-07-30T09:59:19","guid":{"rendered":"https:\/\/simadates.com\/?page_id=101"},"modified":"2024-07-30T12:59:19","modified_gmt":"2024-07-30T09:59:19","slug":"satin-al","status":"publish","type":"page","link":"https:\/\/simadates.com\/index.php\/satin-al\/","title":{"rendered":"Sat\u0131n Al"},"content":{"rendered":"\n<h1 class=\"wp-block-heading has-text-align-center\">Sima Dates <\/h1>\n\n\n\n<hr class=\"wp-block-separator has-alpha-channel-opacity\"\/>\n\n\n\n<h2 class=\"wp-block-heading alignwide has-text-align-center\">Nas\u0131l Sipari\u015f Verebilirim?<\/h2>\n\n\n\n<hr class=\"wp-block-separator has-alpha-channel-opacity\"\/>\n\n\n\n<h2 class=\"wp-block-heading alignwide\"><strong>WhatsApp ile \u0130leti\u015fime Ge\u00e7in<\/strong>: A\u015fa\u011f\u0131daki WhatsApp butonuna t\u0131klayarak bizimle ileti\u015fime ge\u00e7in.<\/h2>\n\n\n\n<h2 class=\"wp-block-heading alignwide has-text-align-center\">Sipari\u015flerinizi adresimizden gelip alabilirsiniz: <\/h2>\n\n\n\n<div class=\"wp-block-jetpack-address\"><a href=\"https:\/\/maps.app.goo.gl\/srXyvwYXBvPBCsQp9\" target=\"_blank\" rel=\"noopener noreferrer\" title=\"Adresi Google Haritalar\u2019da a\u00e7\"><div class=\"jetpack-address__address jetpack-address__address2\">Mega Center A blok No:89\/702 Bayrampa\u015fa \/ \u0130stanbul<\/div><\/a><\/div>\n\n\n\n<p><\/p>\n","protected":false},"excerpt":{"rendered":"<p>Sima Dates Nas\u0131l Sipari\u015f Verebilirim? WhatsApp ile \u0130leti\u015fime Ge\u00e7in: A\u015fa\u011f\u0131daki WhatsApp butonuna t\u0131klayarak bizimle ileti\u015fime ge\u00e7in. Sipari\u015flerinizi adresimizden gelip alabilirsiniz: Mega Center A blok No:89\/702 Bayrampa\u015fa \/ \u0130stanbul<\/p>\n","protected":false},"author":1,"featured_media":0,"parent":0,"menu_order":0,"comment_status":"closed","ping_status":"closed","template":"","meta":{"_joinchat":[],"footnotes":""},"class_list":["post-101","page","type-page","status-publish","hentry"],"_links":{"self":[{"href":"https:\/\/simadates.com\/index.php\/wp-json\/wp\/v2\/pages\/101","targetHints":{"allow":["GET"]}}],"collection":[{"href":"https:\/\/simadates.com\/index.php\/wp-json\/wp\/v2\/pages"}],"about":[{"href":"https:\/\/simadates.com\/index.php\/wp-json\/wp\/v2\/types\/page"}],"author":[{"embeddable":true,"href":"https:\/\/simadates.com\/index.php\/wp-json\/wp\/v2\/users\/1"}],"replies":[{"embeddable":true,"href":"https:\/\/simadates.com\/index.php\/wp-json\/wp\/v2\/comments?post=101"}],"version-history":[{"count":1,"href":"https:\/\/simadates.com\/index.php\/wp-json\/wp\/v2\/pages\/101\/revisions"}],"predecessor-version":[{"id":102,"href":"https:\/\/simadates.com\/index.php\/wp-json\/wp\/v2\/pages\/101\/revisions\/102"}],"wp:attachment":[{"href":"https:\/\/simadates.com\/index.php\/wp-json\/wp\/v2\/media?parent=101"}],"curies":[{"name":"wp","href":"https:\/\/api.w.org\/{rel}","templated":true}]}}