{"id":68,"date":"2024-07-29T21:24:50","date_gmt":"2024-07-29T18:24:50","guid":{"rendered":"https:\/\/simadates.com\/?page_id=68"},"modified":"2024-07-31T15:34:50","modified_gmt":"2024-07-31T12:34:50","slug":"hurma-kahvesi","status":"publish","type":"page","link":"https:\/\/simadates.com\/index.php\/hurma-kahvesi\/","title":{"rendered":"Hurma Kahvesi"},"content":{"rendered":"\n<div class=\"wp-block-columns alignwide is-layout-flex wp-container-core-columns-is-layout-28f84493 wp-block-columns-is-layout-flex\">\n<div class=\"wp-block-column is-layout-flow wp-block-column-is-layout-flow\">\n<figure class=\"wp-block-image size-full is-resized\"><img loading=\"lazy\" decoding=\"async\" width=\"1832\" height=\"1229\" src=\"https:\/\/simadates.com\/wp-content\/uploads\/2024\/07\/eeb2f64a-dde0-47d6-88d3-093b2ad95319-2.jpg\" alt=\"\" class=\"wp-image-83\" style=\"aspect-ratio:1;object-fit:cover;width:523px;height:auto\" srcset=\"https:\/\/simadates.com\/wp-content\/uploads\/2024\/07\/eeb2f64a-dde0-47d6-88d3-093b2ad95319-2.jpg 1832w, https:\/\/simadates.com\/wp-content\/uploads\/2024\/07\/eeb2f64a-dde0-47d6-88d3-093b2ad95319-2-300x201.jpg 300w, https:\/\/simadates.com\/wp-content\/uploads\/2024\/07\/eeb2f64a-dde0-47d6-88d3-093b2ad95319-2-1024x687.jpg 1024w, https:\/\/simadates.com\/wp-content\/uploads\/2024\/07\/eeb2f64a-dde0-47d6-88d3-093b2ad95319-2-768x515.jpg 768w, https:\/\/simadates.com\/wp-content\/uploads\/2024\/07\/eeb2f64a-dde0-47d6-88d3-093b2ad95319-2-1536x1030.jpg 1536w\" sizes=\"auto, (max-width: 1832px) 100vw, 1832px\" \/><\/figure>\n<\/div>\n\n\n\n<div class=\"wp-block-column is-vertically-aligned-top is-layout-flow wp-block-column-is-layout-flow\">\n<h2 class=\"wp-block-heading\">Hurma Kahvesi<\/h2>\n\n\n\n<p><strong>Hurma kahvesi<\/strong>, <strong>geleneksel kahve lezzetini hurman\u0131n do\u011fal tatl\u0131l\u0131\u011f\u0131yla bulu\u015fturan benzersiz bir i\u00e7ecektir.<\/strong> Hurma \u00e7ekirdeklerinin <strong>kavrulup \u00f6\u011f\u00fct\u00fclmesiyle elde edilen <\/strong>bu kahve, <strong>kafeinsiz bir alternatif <\/strong>arayanlar i\u00e7in m\u00fckemmel bir se\u00e7enektir.<\/p>\n\n\n\n<p>Hurma kahvesi, kendine \u00f6zg\u00fc <strong>hafif tatl\u0131 <\/strong>ve<strong> hafif f\u0131nd\u0131ks\u0131<\/strong> aromas\u0131yla bilinir. <strong>Do\u011fal \u015fekerler, lifler <\/strong>ve<strong> antioksidanlar bak\u0131m\u0131ndan zengin olan<\/strong> hurma kahvesi, <strong>enerji seviyenizi art\u0131r\u0131rken<\/strong> ayn\u0131 zamanda <strong>sindirim sisteminizi destekler<\/strong> ve <strong>ba\u011f\u0131\u015f\u0131kl\u0131k sisteminizi g\u00fc\u00e7lendirir.<\/strong><\/p>\n\n\n\n<p><strong>Bu sa\u011fl\u0131kl\u0131 ve lezzetli i\u00e7ece\u011fi<\/strong>, <strong>sabah kahvalt\u0131lar\u0131n\u0131zda<\/strong>, <strong>\u00f6\u011fleden sonra molalar\u0131n\u0131zda<\/strong> veya a<strong>k\u015fam yeme\u011finden sonra keyifle t\u00fcketebilirsiniz<\/strong>. Hurma kahvesi, <strong>do\u011fal <\/strong>ve <strong>besleyici <\/strong>bir alternatif sunarak<strong> geleneksel kahve al\u0131\u015fkanl\u0131klar\u0131n\u0131z\u0131 de\u011fi\u015ftirecek<\/strong>.<\/p>\n<\/div>\n<\/div>\n\n\n\n<h2 class=\"wp-block-heading alignwide has-text-align-center\">\u201cLezzetin ve Sa\u011fl\u0131\u011f\u0131n Bulu\u015fma Noktas\u0131: En Kaliteli Hurmalara Ula\u015fman\u0131n Adresi SimaDates\u201d<\/h2>\n\n\n\n<div class=\"wp-block-columns alignwide is-layout-flex wp-container-core-columns-is-layout-28f84493 wp-block-columns-is-layout-flex\">\n<div class=\"wp-block-column is-layout-flow wp-block-column-is-layout-flow\">\n<figure class=\"wp-block-image size-large\"><img loading=\"lazy\" decoding=\"async\" width=\"1024\" height=\"768\" src=\"https:\/\/simadates.com\/wp-content\/uploads\/2024\/07\/9701aa1c-726d-4dd0-9fb0-de1f100afd27-1-1024x768.jpg\" alt=\"\" class=\"wp-image-60\" srcset=\"https:\/\/simadates.com\/wp-content\/uploads\/2024\/07\/9701aa1c-726d-4dd0-9fb0-de1f100afd27-1-1024x768.jpg 1024w, https:\/\/simadates.com\/wp-content\/uploads\/2024\/07\/9701aa1c-726d-4dd0-9fb0-de1f100afd27-1-300x225.jpg 300w, https:\/\/simadates.com\/wp-content\/uploads\/2024\/07\/9701aa1c-726d-4dd0-9fb0-de1f100afd27-1-768x576.jpg 768w, https:\/\/simadates.com\/wp-content\/uploads\/2024\/07\/9701aa1c-726d-4dd0-9fb0-de1f100afd27-1-1536x1152.jpg 1536w, https:\/\/simadates.com\/wp-content\/uploads\/2024\/07\/9701aa1c-726d-4dd0-9fb0-de1f100afd27-1.jpg 1600w\" sizes=\"auto, (max-width: 1024px) 100vw, 1024px\" \/><\/figure>\n\n\n\n<h3 class=\"wp-block-heading has-text-align-center\"><a href=\"https:\/\/simadates.com\/index.php\/mebrum-hurmasi\/\" data-type=\"page\" data-id=\"71\">Mebrum Hurmas\u0131<\/a><\/h3>\n<\/div>\n\n\n\n<div class=\"wp-block-column is-layout-flow wp-block-column-is-layout-flow\">\n<figure class=\"wp-block-image size-large\"><img loading=\"lazy\" decoding=\"async\" width=\"1024\" height=\"768\" src=\"https:\/\/simadates.com\/wp-content\/uploads\/2024\/07\/977ae6f4-3849-4d11-a0bf-1bb1497de388-1024x768.jpg\" alt=\"\" class=\"wp-image-61\" srcset=\"https:\/\/simadates.com\/wp-content\/uploads\/2024\/07\/977ae6f4-3849-4d11-a0bf-1bb1497de388-1024x768.jpg 1024w, https:\/\/simadates.com\/wp-content\/uploads\/2024\/07\/977ae6f4-3849-4d11-a0bf-1bb1497de388-300x225.jpg 300w, https:\/\/simadates.com\/wp-content\/uploads\/2024\/07\/977ae6f4-3849-4d11-a0bf-1bb1497de388-768x576.jpg 768w, https:\/\/simadates.com\/wp-content\/uploads\/2024\/07\/977ae6f4-3849-4d11-a0bf-1bb1497de388-1536x1152.jpg 1536w, https:\/\/simadates.com\/wp-content\/uploads\/2024\/07\/977ae6f4-3849-4d11-a0bf-1bb1497de388.jpg 2000w\" sizes=\"auto, (max-width: 1024px) 100vw, 1024px\" \/><\/figure>\n\n\n\n<h3 class=\"wp-block-heading has-text-align-center\"><a href=\"https:\/\/simadates.com\/index.php\/kudus-hurmasi\/\" data-type=\"page\" data-id=\"70\">Kud\u00fcs Hurmas\u0131<\/a><\/h3>\n<\/div>\n\n\n\n<div class=\"wp-block-column is-vertically-aligned-center is-layout-flow wp-block-column-is-layout-flow\">\n<figure class=\"wp-block-image size-large\"><img loading=\"lazy\" decoding=\"async\" width=\"1024\" height=\"768\" src=\"https:\/\/simadates.com\/wp-content\/uploads\/2024\/07\/d31aa2e2-155f-4e1d-a299-8752493894ba-5-1024x768.jpg\" alt=\"\" class=\"wp-image-84\" srcset=\"https:\/\/simadates.com\/wp-content\/uploads\/2024\/07\/d31aa2e2-155f-4e1d-a299-8752493894ba-5-1024x768.jpg 1024w, https:\/\/simadates.com\/wp-content\/uploads\/2024\/07\/d31aa2e2-155f-4e1d-a299-8752493894ba-5-300x225.jpg 300w, https:\/\/simadates.com\/wp-content\/uploads\/2024\/07\/d31aa2e2-155f-4e1d-a299-8752493894ba-5-768x576.jpg 768w, https:\/\/simadates.com\/wp-content\/uploads\/2024\/07\/d31aa2e2-155f-4e1d-a299-8752493894ba-5-1536x1152.jpg 1536w, https:\/\/simadates.com\/wp-content\/uploads\/2024\/07\/d31aa2e2-155f-4e1d-a299-8752493894ba-5.jpg 2048w\" sizes=\"auto, (max-width: 1024px) 100vw, 1024px\" \/><\/figure>\n\n\n\n<h3 class=\"wp-block-heading has-text-align-center\"><a href=\"https:\/\/simadates.com\/index.php\/sukkari-hurmasi\/\" data-type=\"page\" data-id=\"50\">Sukkari Hurmas\u0131<\/a><\/h3>\n<\/div>\n<\/div>\n\n\n\n<p><\/p>\n","protected":false},"excerpt":{"rendered":"<p>Hurma Kahvesi Hurma kahvesi, geleneksel kahve lezzetini hurman\u0131n do\u011fal tatl\u0131l\u0131\u011f\u0131yla bulu\u015fturan benzersiz bir i\u00e7ecektir. Hurma \u00e7ekirdeklerinin kavrulup \u00f6\u011f\u00fct\u00fclmesiyle elde edilen bu kahve, kafeinsiz bir alternatif arayanlar i\u00e7in m\u00fckemmel bir se\u00e7enektir. Hurma kahvesi, kendine \u00f6zg\u00fc hafif tatl\u0131 ve hafif f\u0131nd\u0131ks\u0131 aromas\u0131yla bilinir. Do\u011fal \u015fekerler, lifler ve antioksidanlar bak\u0131m\u0131ndan zengin olan hurma kahvesi, enerji seviyenizi art\u0131r\u0131rken ayn\u0131 [&hellip;]<\/p>\n","protected":false},"author":1,"featured_media":0,"parent":0,"menu_order":0,"comment_status":"closed","ping_status":"closed","template":"","meta":{"_joinchat":[],"footnotes":""},"class_list":["post-68","page","type-page","status-publish","hentry"],"_links":{"self":[{"href":"https:\/\/simadates.com\/index.php\/wp-json\/wp\/v2\/pages\/68","targetHints":{"allow":["GET"]}}],"collection":[{"href":"https:\/\/simadates.com\/index.php\/wp-json\/wp\/v2\/pages"}],"about":[{"href":"https:\/\/simadates.com\/index.php\/wp-json\/wp\/v2\/types\/page"}],"author":[{"embeddable":true,"href":"https:\/\/simadates.com\/index.php\/wp-json\/wp\/v2\/users\/1"}],"replies":[{"embeddable":true,"href":"https:\/\/simadates.com\/index.php\/wp-json\/wp\/v2\/comments?post=68"}],"version-history":[{"count":5,"href":"https:\/\/simadates.com\/index.php\/wp-json\/wp\/v2\/pages\/68\/revisions"}],"predecessor-version":[{"id":118,"href":"https:\/\/simadates.com\/index.php\/wp-json\/wp\/v2\/pages\/68\/revisions\/118"}],"wp:attachment":[{"href":"https:\/\/simadates.com\/index.php\/wp-json\/wp\/v2\/media?parent=68"}],"curies":[{"name":"wp","href":"https:\/\/api.w.org\/{rel}","templated":true}]}}