{"id":71,"date":"2024-07-29T21:18:09","date_gmt":"2024-07-29T18:18:09","guid":{"rendered":"https:\/\/simadates.com\/?page_id=71"},"modified":"2024-07-31T15:08:38","modified_gmt":"2024-07-31T12:08:38","slug":"mebrum-hurmasi","status":"publish","type":"page","link":"https:\/\/simadates.com\/index.php\/mebrum-hurmasi\/","title":{"rendered":"Mebrum Hurmas\u0131"},"content":{"rendered":"\n<div class=\"wp-block-columns alignwide is-layout-flex wp-container-core-columns-is-layout-28f84493 wp-block-columns-is-layout-flex\">\n<div class=\"wp-block-column is-layout-flow wp-block-column-is-layout-flow\">\n<figure class=\"wp-block-image size-full is-resized\"><img loading=\"lazy\" decoding=\"async\" width=\"1600\" height=\"1200\" src=\"https:\/\/simadates.com\/wp-content\/uploads\/2024\/07\/9701aa1c-726d-4dd0-9fb0-de1f100afd27-2.jpg\" alt=\"\" class=\"wp-image-74\" style=\"aspect-ratio:1;object-fit:cover;width:523px;height:auto\" srcset=\"https:\/\/simadates.com\/wp-content\/uploads\/2024\/07\/9701aa1c-726d-4dd0-9fb0-de1f100afd27-2.jpg 1600w, https:\/\/simadates.com\/wp-content\/uploads\/2024\/07\/9701aa1c-726d-4dd0-9fb0-de1f100afd27-2-300x225.jpg 300w, https:\/\/simadates.com\/wp-content\/uploads\/2024\/07\/9701aa1c-726d-4dd0-9fb0-de1f100afd27-2-1024x768.jpg 1024w, https:\/\/simadates.com\/wp-content\/uploads\/2024\/07\/9701aa1c-726d-4dd0-9fb0-de1f100afd27-2-768x576.jpg 768w, https:\/\/simadates.com\/wp-content\/uploads\/2024\/07\/9701aa1c-726d-4dd0-9fb0-de1f100afd27-2-1536x1152.jpg 1536w\" sizes=\"auto, (max-width: 1600px) 100vw, 1600px\" \/><\/figure>\n<\/div>\n\n\n\n<div class=\"wp-block-column is-vertically-aligned-top is-layout-flow wp-block-column-is-layout-flow\">\n<h2 class=\"wp-block-heading\">Mebrum Hurmas\u0131<\/h2>\n\n\n\n<p><strong>Mebrum hurmas\u0131<\/strong>, <strong>Ortado\u011fu&#8217;nun en k\u0131ymetli hurma \u00e7e\u015fitlerinden biridir<\/strong>. Kendine \u00f6zg\u00fc <strong>k\u0131rm\u0131z\u0131ms\u0131 kahverengi rengi<\/strong> ve<strong> iri yap\u0131s\u0131yla<\/strong> bilinen mebrum hurmas\u0131, <strong>lezzeti ve besleyicili\u011fiyle \u00f6ne \u00e7\u0131kar.<\/strong><\/p>\n\n\n\n<p>Bu hurma \u00e7e\u015fidi, <strong>do\u011fal \u015fekerler, lifler, vitaminler ve mineraller a\u00e7\u0131s\u0131ndan zengin<\/strong> olup, <strong>g\u00fcnl\u00fck enerji ihtiyac\u0131n\u0131z\u0131 sa\u011fl\u0131kl\u0131 bir \u015fekilde kar\u015f\u0131laman\u0131za yard\u0131mc\u0131 olur<\/strong>. Mebrum hurmas\u0131n\u0131n <strong>yumu\u015fak <\/strong>ve <strong>etli dokusu<\/strong>, her lokmada size <strong>e\u015fsiz bir lezzet<\/strong> deneyimi sunar.<\/p>\n\n\n\n<p>Mebrum hurmas\u0131n<strong>\u0131 kahvalt\u0131lar\u0131n\u0131zda, ara \u00f6\u011f\u00fcnlerinizde <\/strong>veya t<strong>atl\u0131 tariflerinizde kullanabilirsiniz.<\/strong> <strong>Sa\u011fl\u0131kl\u0131 ya\u015fam\u0131n anahtar\u0131n\u0131 mebrum hurmas\u0131yla ke\u015ffedin!<\/strong><\/p>\n<\/div>\n<\/div>\n\n\n\n<h2 class=\"wp-block-heading alignwide has-text-align-center\">\u201cLezzetin ve Sa\u011fl\u0131\u011f\u0131n Bulu\u015fma Noktas\u0131: En Kaliteli Hurmalara Ula\u015fman\u0131n Adresi SimaDates\u201d<\/h2>\n\n\n\n<div class=\"wp-block-columns alignwide is-layout-flex wp-container-core-columns-is-layout-28f84493 wp-block-columns-is-layout-flex\">\n<div class=\"wp-block-column is-layout-flow wp-block-column-is-layout-flow\">\n<figure class=\"wp-block-image size-large\"><img loading=\"lazy\" decoding=\"async\" width=\"1024\" height=\"768\" src=\"https:\/\/simadates.com\/wp-content\/uploads\/2024\/07\/9701aa1c-726d-4dd0-9fb0-de1f100afd27-1-1024x768.jpg\" alt=\"\" class=\"wp-image-60\" srcset=\"https:\/\/simadates.com\/wp-content\/uploads\/2024\/07\/9701aa1c-726d-4dd0-9fb0-de1f100afd27-1-1024x768.jpg 1024w, https:\/\/simadates.com\/wp-content\/uploads\/2024\/07\/9701aa1c-726d-4dd0-9fb0-de1f100afd27-1-300x225.jpg 300w, https:\/\/simadates.com\/wp-content\/uploads\/2024\/07\/9701aa1c-726d-4dd0-9fb0-de1f100afd27-1-768x576.jpg 768w, https:\/\/simadates.com\/wp-content\/uploads\/2024\/07\/9701aa1c-726d-4dd0-9fb0-de1f100afd27-1-1536x1152.jpg 1536w, https:\/\/simadates.com\/wp-content\/uploads\/2024\/07\/9701aa1c-726d-4dd0-9fb0-de1f100afd27-1.jpg 1600w\" sizes=\"auto, (max-width: 1024px) 100vw, 1024px\" \/><\/figure>\n\n\n\n<h3 class=\"wp-block-heading has-text-align-center\"><a href=\"https:\/\/simadates.com\/index.php\/sukkari-hurmasi\/\" data-type=\"page\" data-id=\"50\">Sukkari Hurmas\u0131<\/a><\/h3>\n<\/div>\n\n\n\n<div class=\"wp-block-column is-layout-flow wp-block-column-is-layout-flow\">\n<figure class=\"wp-block-image size-large\"><img loading=\"lazy\" decoding=\"async\" width=\"1024\" height=\"768\" src=\"https:\/\/simadates.com\/wp-content\/uploads\/2024\/07\/977ae6f4-3849-4d11-a0bf-1bb1497de388-1024x768.jpg\" alt=\"\" class=\"wp-image-61\" srcset=\"https:\/\/simadates.com\/wp-content\/uploads\/2024\/07\/977ae6f4-3849-4d11-a0bf-1bb1497de388-1024x768.jpg 1024w, https:\/\/simadates.com\/wp-content\/uploads\/2024\/07\/977ae6f4-3849-4d11-a0bf-1bb1497de388-300x225.jpg 300w, https:\/\/simadates.com\/wp-content\/uploads\/2024\/07\/977ae6f4-3849-4d11-a0bf-1bb1497de388-768x576.jpg 768w, https:\/\/simadates.com\/wp-content\/uploads\/2024\/07\/977ae6f4-3849-4d11-a0bf-1bb1497de388-1536x1152.jpg 1536w, https:\/\/simadates.com\/wp-content\/uploads\/2024\/07\/977ae6f4-3849-4d11-a0bf-1bb1497de388.jpg 2000w\" sizes=\"auto, (max-width: 1024px) 100vw, 1024px\" \/><\/figure>\n\n\n\n<h3 class=\"wp-block-heading has-text-align-center\"><a href=\"https:\/\/simadates.com\/index.php\/kudus-hurmasi\/\" data-type=\"page\" data-id=\"70\">Kud\u00fcs Hurmas\u0131<\/a><\/h3>\n<\/div>\n\n\n\n<div class=\"wp-block-column is-vertically-aligned-center is-layout-flow wp-block-column-is-layout-flow\">\n<figure class=\"wp-block-image size-large\"><img loading=\"lazy\" decoding=\"async\" width=\"1024\" height=\"687\" src=\"https:\/\/simadates.com\/wp-content\/uploads\/2024\/07\/eeb2f64a-dde0-47d6-88d3-093b2ad95319-1024x687.jpg\" alt=\"\" class=\"wp-image-62\" srcset=\"https:\/\/simadates.com\/wp-content\/uploads\/2024\/07\/eeb2f64a-dde0-47d6-88d3-093b2ad95319-1024x687.jpg 1024w, https:\/\/simadates.com\/wp-content\/uploads\/2024\/07\/eeb2f64a-dde0-47d6-88d3-093b2ad95319-300x201.jpg 300w, https:\/\/simadates.com\/wp-content\/uploads\/2024\/07\/eeb2f64a-dde0-47d6-88d3-093b2ad95319-768x515.jpg 768w, https:\/\/simadates.com\/wp-content\/uploads\/2024\/07\/eeb2f64a-dde0-47d6-88d3-093b2ad95319-1536x1030.jpg 1536w, https:\/\/simadates.com\/wp-content\/uploads\/2024\/07\/eeb2f64a-dde0-47d6-88d3-093b2ad95319.jpg 1832w\" sizes=\"auto, (max-width: 1024px) 100vw, 1024px\" \/><\/figure>\n\n\n\n<h3 class=\"wp-block-heading has-text-align-center\"><a href=\"https:\/\/simadates.com\/index.php\/hurma-kahvesi\/\" data-type=\"page\" data-id=\"68\">Hurma Kahvesi<\/a><\/h3>\n<\/div>\n<\/div>\n\n\n\n<p><\/p>\n","protected":false},"excerpt":{"rendered":"<p>Mebrum Hurmas\u0131 Mebrum hurmas\u0131, Ortado\u011fu&#8217;nun en k\u0131ymetli hurma \u00e7e\u015fitlerinden biridir. Kendine \u00f6zg\u00fc k\u0131rm\u0131z\u0131ms\u0131 kahverengi rengi ve iri yap\u0131s\u0131yla bilinen mebrum hurmas\u0131, lezzeti ve besleyicili\u011fiyle \u00f6ne \u00e7\u0131kar. Bu hurma \u00e7e\u015fidi, do\u011fal \u015fekerler, lifler, vitaminler ve mineraller a\u00e7\u0131s\u0131ndan zengin olup, g\u00fcnl\u00fck enerji ihtiyac\u0131n\u0131z\u0131 sa\u011fl\u0131kl\u0131 bir \u015fekilde kar\u015f\u0131laman\u0131za yard\u0131mc\u0131 olur. Mebrum hurmas\u0131n\u0131n yumu\u015fak ve etli dokusu, her lokmada [&hellip;]<\/p>\n","protected":false},"author":1,"featured_media":0,"parent":0,"menu_order":0,"comment_status":"closed","ping_status":"closed","template":"","meta":{"_joinchat":[],"footnotes":""},"class_list":["post-71","page","type-page","status-publish","hentry"],"_links":{"self":[{"href":"https:\/\/simadates.com\/index.php\/wp-json\/wp\/v2\/pages\/71","targetHints":{"allow":["GET"]}}],"collection":[{"href":"https:\/\/simadates.com\/index.php\/wp-json\/wp\/v2\/pages"}],"about":[{"href":"https:\/\/simadates.com\/index.php\/wp-json\/wp\/v2\/types\/page"}],"author":[{"embeddable":true,"href":"https:\/\/simadates.com\/index.php\/wp-json\/wp\/v2\/users\/1"}],"replies":[{"embeddable":true,"href":"https:\/\/simadates.com\/index.php\/wp-json\/wp\/v2\/comments?post=71"}],"version-history":[{"count":6,"href":"https:\/\/simadates.com\/index.php\/wp-json\/wp\/v2\/pages\/71\/revisions"}],"predecessor-version":[{"id":115,"href":"https:\/\/simadates.com\/index.php\/wp-json\/wp\/v2\/pages\/71\/revisions\/115"}],"wp:attachment":[{"href":"https:\/\/simadates.com\/index.php\/wp-json\/wp\/v2\/media?parent=71"}],"curies":[{"name":"wp","href":"https:\/\/api.w.org\/{rel}","templated":true}]}}